{"id":4570,"date":"2021-03-24T14:16:50","date_gmt":"2021-03-24T13:16:50","guid":{"rendered":"https:\/\/www.vanderplasgroup.com\/over-ftg\/"},"modified":"2025-03-03T11:27:35","modified_gmt":"2025-03-03T10:27:35","slug":"over-vdp","status":"publish","type":"page","link":"https:\/\/www.vanderplasgroup.com\/de\/over-vdp\/","title":{"rendered":"\u00dcber VDP Group"},"content":{"rendered":"<p><div class=\"fusion-fullwidth fullwidth-box fusion-builder-row-1 fusion-flex-container nonhundred-percent-fullwidth non-hundred-percent-height-scrolling yt-video-wrapper\" style=\"--awb-border-radius-top-left:0px;--awb-border-radius-top-right:0px;--awb-border-radius-bottom-right:0px;--awb-border-radius-bottom-left:0px;--awb-flex-wrap:wrap;\" ><div class=\"fusion-builder-row fusion-row fusion-flex-align-items-flex-start fusion-flex-content-wrap\" style=\"max-width:1248px;margin-left: calc(-4% \/ 2 );margin-right: calc(-4% \/ 2 );\"><div class=\"fusion-layout-column fusion_builder_column fusion-builder-column-0 fusion_builder_column_1_1 1_1 fusion-flex-column\" style=\"--awb-bg-size:cover;--awb-width-large:100%;--awb-margin-top-large:0px;--awb-spacing-right-large:1.92%;--awb-margin-bottom-large:0px;--awb-spacing-left-large:1.92%;--awb-width-medium:100%;--awb-order-medium:0;--awb-spacing-right-medium:1.92%;--awb-spacing-left-medium:1.92%;--awb-width-small:100%;--awb-order-small:0;--awb-spacing-right-small:1.92%;--awb-spacing-left-small:1.92%;\"><div class=\"fusion-column-wrapper fusion-column-has-shadow fusion-flex-justify-content-flex-start fusion-content-layout-column\"><div class=\"fusion-video fusion-youtube yt-video\" style=\"--awb-max-width:800px;--awb-max-height:450px;--awb-align-self:center;--awb-width:100%;\" data-autoplay=\"1\"><div class=\"video-shortcode\"><div class=\"fluid-width-video-wrapper\" style=\"padding-top:56.25%;\" ><iframe title=\"YouTube video player 1\" src=\"https:\/\/www.youtube.com\/embed\/vEdDfOEHRwA?wmode=transparent&autoplay=0&amp;controls=0&amp;loop=1&amp;modestbranding=1&amp;disablekb=1&amp;rel=0\" width=\"800\" height=\"450\" allowfullscreen allow=\"autoplay; clipboard-write; encrypted-media; gyroscope; picture-in-picture;\"><\/iframe><\/div><\/div><\/div><\/div><\/div><\/div><\/div><div class=\"fusion-fullwidth fullwidth-box fusion-builder-row-2 fusion-flex-container nonhundred-percent-fullwidth non-hundred-percent-height-scrolling\" style=\"--awb-border-radius-top-left:0px;--awb-border-radius-top-right:0px;--awb-border-radius-bottom-right:0px;--awb-border-radius-bottom-left:0px;--awb-flex-wrap:wrap;\" ><div class=\"fusion-builder-row fusion-row fusion-flex-align-items-flex-start fusion-flex-content-wrap\" style=\"max-width:1248px;margin-left: calc(-4% \/ 2 );margin-right: calc(-4% \/ 2 );\"><div class=\"fusion-layout-column fusion_builder_column fusion-builder-column-1 fusion_builder_column_1_5 1_5 fusion-flex-column\" style=\"--awb-bg-size:cover;--awb-width-large:20%;--awb-margin-top-large:0px;--awb-spacing-right-large:9.6%;--awb-margin-bottom-large:0px;--awb-spacing-left-large:9.6%;--awb-width-medium:20%;--awb-order-medium:0;--awb-spacing-right-medium:9.6%;--awb-spacing-left-medium:9.6%;--awb-width-small:100%;--awb-order-small:0;--awb-spacing-right-small:1.92%;--awb-spacing-left-small:1.92%;\"><div class=\"fusion-column-wrapper fusion-column-has-shadow fusion-flex-justify-content-flex-start fusion-content-layout-column\"><\/div><\/div><div class=\"fusion-layout-column fusion_builder_column fusion-builder-column-2 fusion_builder_column_3_5 3_5 fusion-flex-column\" style=\"--awb-bg-size:cover;--awb-width-large:60%;--awb-margin-top-large:0px;--awb-spacing-right-large:3.2%;--awb-margin-bottom-large:0px;--awb-spacing-left-large:3.2%;--awb-width-medium:60%;--awb-order-medium:0;--awb-spacing-right-medium:3.2%;--awb-spacing-left-medium:3.2%;--awb-width-small:100%;--awb-order-small:0;--awb-spacing-right-small:1.92%;--awb-spacing-left-small:1.92%;\"><div class=\"fusion-column-wrapper fusion-column-has-shadow fusion-flex-justify-content-flex-start fusion-content-layout-column\"><div class=\"fusion-text fusion-text-1 quote\"><h4><strong>Van der Plas Group m\u00f6chte das Richtige tun und das Richtige gut tun.<br \/>\nMenschen und Beziehungen spielen dabei eine zentrale Rolle.<br \/>\n<\/strong>Unsere Familienunternehmen verbinden herzliche Beziehungen<br \/>\nund jahrelange Erfahrung mit nachhaltigen Innovationen und der<br \/>\nGeschwindigkeit von heute.<\/h4>\n<\/div><\/div><\/div><div class=\"fusion-layout-column fusion_builder_column fusion-builder-column-3 fusion_builder_column_1_5 1_5 fusion-flex-column\" style=\"--awb-bg-size:cover;--awb-width-large:20%;--awb-margin-top-large:0px;--awb-spacing-right-large:9.6%;--awb-margin-bottom-large:0px;--awb-spacing-left-large:9.6%;--awb-width-medium:20%;--awb-order-medium:0;--awb-spacing-right-medium:9.6%;--awb-spacing-left-medium:9.6%;--awb-width-small:100%;--awb-order-small:0;--awb-spacing-right-small:1.92%;--awb-spacing-left-small:1.92%;\"><div class=\"fusion-column-wrapper fusion-column-has-shadow fusion-flex-justify-content-flex-start fusion-content-layout-column\"><\/div><\/div><\/div><\/div><div class=\"fusion-fullwidth fullwidth-box fusion-builder-row-3 fusion-flex-container nonhundred-percent-fullwidth non-hundred-percent-height-scrolling\" style=\"--awb-border-radius-top-left:0px;--awb-border-radius-top-right:0px;--awb-border-radius-bottom-right:0px;--awb-border-radius-bottom-left:0px;--awb-flex-wrap:wrap;\" ><div class=\"fusion-builder-row fusion-row fusion-flex-align-items-stretch fusion-flex-content-wrap\" style=\"max-width:1296px;margin-left: calc(-8% \/ 2 );margin-right: calc(-8% \/ 2 );\"><div class=\"fusion-layout-column fusion_builder_column fusion-builder-column-4 fusion_builder_column_1_2 1_2 fusion-flex-column extra-padding\" style=\"--awb-padding-right:5em;--awb-padding-right-small:0px;--awb-bg-size:cover;--awb-width-large:50%;--awb-margin-top-large:0px;--awb-spacing-right-large:7.36%;--awb-margin-bottom-large:0px;--awb-spacing-left-large:7.36%;--awb-width-medium:50%;--awb-order-medium:0;--awb-spacing-right-medium:7.36%;--awb-spacing-left-medium:7.36%;--awb-width-small:100%;--awb-order-small:1;--awb-spacing-right-small:3.68%;--awb-spacing-left-small:3.68%;\"><div class=\"fusion-column-wrapper fusion-column-has-shadow fusion-flex-justify-content-flex-start fusion-content-layout-column\"><div class=\"fusion-text fusion-text-2\"><h2>Qualit\u00e4t &amp; Nachhaltigkeit<\/h2>\n<\/div><div class=\"fusion-text fusion-text-3\"><p>Unser Motto lautet \u201eNachhaltigkeit ist etwas, was wir gemeinsam tun\u201c. Der Mensch, unser Planet und unsere Gesch\u00e4ftsziele stehen im Mittelpunkt. Wir sehen, dass unsere Arbeitsweise Auswirkungen auf Mensch und Umwelt hat. Deshalb spielt Nachhaltigkeit eine zentrale Rolle bei Entscheidungen und \u00dcberlegungen im t\u00e4glichen Gesch\u00e4ftsbetrieb, sowie bei zuk\u00fcnftigen Projekten und Ver\u00e4nderungen in unserer Gesch\u00e4ftst\u00e4tigkeit.<\/p>\n<\/div><div ><a class=\"fusion-button button-flat fusion-button-default-size button-default fusion-button-default button-1 fusion-button-default-span fusion-button-default-type\" target=\"_self\" href=\"https:\/\/www.vanderplasgroup.com\/nachhaltigkeit\/?lang=de\"><span class=\"fusion-button-text awb-button__text awb-button__text--default\">Unsere nachhaltige Mission<\/span><\/a><\/div><\/div><\/div><div class=\"fusion-layout-column fusion_builder_column fusion-builder-column-5 fusion_builder_column_1_2 1_2 fusion-flex-column bg\" style=\"--awb-bg-image:url(&#039;https:\/\/www.vanderplasgroup.com\/wp-content\/uploads\/Duurzaamheid-Floral-Trade-Group-scaled.jpg&#039;);--awb-bg-size:cover;--awb-width-large:50%;--awb-margin-top-large:0px;--awb-spacing-right-large:7.36%;--awb-margin-bottom-large:0px;--awb-spacing-left-large:7.36%;--awb-width-medium:50%;--awb-order-medium:0;--awb-spacing-right-medium:7.36%;--awb-spacing-left-medium:7.36%;--awb-width-small:100%;--awb-order-small:0;--awb-spacing-right-small:3.68%;--awb-spacing-left-small:3.68%;\"><div class=\"fusion-column-wrapper fusion-column-has-shadow fusion-flex-justify-content-flex-start fusion-content-layout-column fusion-empty-column-bg-image fusion-column-has-bg-image\" data-bg-url=\"https:\/\/www.vanderplasgroup.com\/wp-content\/uploads\/Duurzaamheid-Floral-Trade-Group-scaled.jpg\"><img decoding=\"async\" class=\"fusion-empty-dims-img-placeholder fusion-no-large-visibility fusion-no-medium-visibility\" aria-label=\"Duurzaamheid Van der Plas Group\" src=\"data:image\/svg+xml,%3Csvg%20xmlns%3D%27http%3A%2F%2Fwww.w3.org%2F2000%2Fsvg%27%20width%3D%272560%27%20height%3D%271707%27%20viewBox%3D%270%200%202560%201707%27%3E%3Crect%20width%3D%272560%27%20height%3D%271707%27%20fill-opacity%3D%220%22%2F%3E%3C%2Fsvg%3E\"><\/div><\/div><\/div><\/div><div class=\"fusion-fullwidth fullwidth-box fusion-builder-row-4 fusion-flex-container nonhundred-percent-fullwidth non-hundred-percent-height-scrolling\" style=\"--awb-border-radius-top-left:0px;--awb-border-radius-top-right:0px;--awb-border-radius-bottom-right:0px;--awb-border-radius-bottom-left:0px;--awb-flex-wrap:wrap;\" ><div class=\"fusion-builder-row fusion-row fusion-flex-align-items-flex-start fusion-flex-content-wrap\" style=\"max-width:1320px;margin-left: calc(-10% \/ 2 );margin-right: calc(-10% \/ 2 );\"><div class=\"fusion-layout-column fusion_builder_column fusion-builder-column-6 fusion_builder_column_1_1 1_1 fusion-flex-column\" style=\"--awb-bg-size:cover;--awb-width-large:100%;--awb-margin-top-large:0px;--awb-spacing-right-large:4.5%;--awb-margin-bottom-large:0px;--awb-spacing-left-large:4.5%;--awb-width-medium:100%;--awb-order-medium:0;--awb-spacing-right-medium:4.5%;--awb-spacing-left-medium:4.5%;--awb-width-small:100%;--awb-order-small:0;--awb-spacing-right-small:4.5%;--awb-spacing-left-small:4.5%;\"><div class=\"fusion-column-wrapper fusion-column-has-shadow fusion-flex-justify-content-flex-start fusion-content-layout-column\"><div class=\"fusion-text fusion-text-4\"><h2 style=\"text-align: center;\">Als Familie zusammen<br \/>\nwachsen und bl\u00fchen!<\/h2>\n<\/div><\/div><\/div><div class=\"fusion-layout-column fusion_builder_column fusion-builder-column-7 fusion_builder_column_1_3 1_3 fusion-flex-column\" style=\"--awb-bg-size:cover;--awb-width-large:33.333333333333%;--awb-margin-top-large:0px;--awb-spacing-right-large:13.5%;--awb-margin-bottom-large:0px;--awb-spacing-left-large:13.5%;--awb-width-medium:33.333333333333%;--awb-order-medium:0;--awb-spacing-right-medium:13.5%;--awb-spacing-left-medium:13.5%;--awb-width-small:100%;--awb-order-small:0;--awb-spacing-right-small:4.5%;--awb-spacing-left-small:4.5%;\"><div class=\"fusion-column-wrapper fusion-column-has-shadow fusion-flex-justify-content-flex-start fusion-content-layout-column\"><div class=\"fusion-text fusion-text-5\"><h3>Engagiert<\/h3>\n<p>Rein, authentisch und engagiert, daf\u00fcr stehen wir. Wir wollen die Welt erhellen und sind mit unserem Sortiment zur Stelle, wenn es um Liebe, Freude und Trauer geht. Kurzum, in allen Momenten des Lebens, die Sie ber\u00fchren. Wir machen den Unterschied, indem wir die Extrameile f\u00fcr unsere Kunden gehen.<\/p>\n<\/div><\/div><\/div><div class=\"fusion-layout-column fusion_builder_column fusion-builder-column-8 fusion_builder_column_1_3 1_3 fusion-flex-column\" style=\"--awb-bg-size:cover;--awb-width-large:33.333333333333%;--awb-margin-top-large:0px;--awb-spacing-right-large:13.5%;--awb-margin-bottom-large:0px;--awb-spacing-left-large:13.5%;--awb-width-medium:33.333333333333%;--awb-order-medium:0;--awb-spacing-right-medium:13.5%;--awb-spacing-left-medium:13.5%;--awb-width-small:100%;--awb-order-small:0;--awb-spacing-right-small:4.5%;--awb-spacing-left-small:4.5%;\"><div class=\"fusion-column-wrapper fusion-column-has-shadow fusion-flex-justify-content-flex-start fusion-content-layout-column\"><div class=\"fusion-text fusion-text-6\"><h3>Verbunden<\/h3>\n<p>Wir sind der verbindende Faktor. Wir verbinden Blumen, Pflanzen und Dekoration mit Kunden und Trends mit Konsumenten. Weil wir uns als Gruppe verbunden f\u00fchlen, arbeiten wir eng zusammen und unterst\u00fctzen und motivieren wir uns gegenseitig und sind ein erfolgreiches Team.<\/p>\n<\/div><\/div><\/div><div class=\"fusion-layout-column fusion_builder_column fusion-builder-column-9 fusion_builder_column_1_3 1_3 fusion-flex-column\" style=\"--awb-bg-size:cover;--awb-width-large:33.333333333333%;--awb-margin-top-large:0px;--awb-spacing-right-large:13.5%;--awb-margin-bottom-large:0px;--awb-spacing-left-large:13.5%;--awb-width-medium:33.333333333333%;--awb-order-medium:0;--awb-spacing-right-medium:13.5%;--awb-spacing-left-medium:13.5%;--awb-width-small:100%;--awb-order-small:0;--awb-spacing-right-small:4.5%;--awb-spacing-left-small:4.5%;\"><div class=\"fusion-column-wrapper fusion-column-has-shadow fusion-flex-justify-content-flex-start fusion-content-layout-column\"><div class=\"fusion-text fusion-text-7\"><h3 class=\"fusion-responsive-typography-calculated\" style=\"--fontsize: 28; line-height: 1;\" data-fontsize=\"28\" data-lineheight=\"28px\">Unternehmerisch<\/h3>\n<p>Wir sind st\u00e4ndig in Bewegung und immer auf der Suche nach neuen Chancen auf dem Markt. Wir sind zielstrebig, geben unser Bestes, reagieren schnell auf Ver\u00e4nderungen und sind einfallsreich. Win-Win ist unsere Denkweise und wir nutzen Synergien innerhalb der Gruppe.<\/p>\n<\/div><\/div><\/div><\/div><\/div>\n<div class=\"fusion-fullwidth fullwidth-box fusion-builder-row-5 fusion-flex-container nonhundred-percent-fullwidth non-hundred-percent-height-scrolling\" style=\"--awb-border-radius-top-left:0px;--awb-border-radius-top-right:0px;--awb-border-radius-bottom-right:0px;--awb-border-radius-bottom-left:0px;--awb-flex-wrap:wrap;\" ><div class=\"fusion-builder-row fusion-row fusion-flex-align-items-stretch fusion-flex-content-wrap\" style=\"max-width:1296px;margin-left: calc(-8% \/ 2 );margin-right: calc(-8% \/ 2 );\"><div class=\"fusion-layout-column fusion_builder_column fusion-builder-column-10 fusion_builder_column_1_2 1_2 fusion-flex-column extra-padding\" style=\"--awb-padding-right:5em;--awb-padding-right-small:0px;--awb-bg-size:cover;--awb-width-large:50%;--awb-margin-top-large:0px;--awb-spacing-right-large:7.36%;--awb-margin-bottom-large:0px;--awb-spacing-left-large:7.36%;--awb-width-medium:50%;--awb-order-medium:0;--awb-spacing-right-medium:7.36%;--awb-spacing-left-medium:7.36%;--awb-width-small:100%;--awb-order-small:1;--awb-spacing-right-small:3.68%;--awb-spacing-left-small:3.68%;\"><div class=\"fusion-column-wrapper fusion-column-has-shadow fusion-flex-justify-content-flex-start fusion-content-layout-column\"><div class=\"fusion-text fusion-text-8\"><h2>Foundation<\/h2>\n<\/div><div class=\"fusion-text fusion-text-9\"><p>\u00dcber die 2013 gegr\u00fcndete Van der Plas Group Foundation unterst\u00fctzt das Unternehmen Menschen in Not und soziale Projekte in L\u00e4ndern der Dritten Welt. Beispiele hierf\u00fcr sind Schulungsprojekte und Mikrokredite f\u00fcr Start-Ups. Jedes Jahr leistet VDP Group einen finanziellen Beitrag zu dieser Stiftung, die ausschlie\u00dflich von Freiwilligen betrieben wird und einen unabh\u00e4ngigen Vorstand hat.<\/p>\n<p><strong>Van der Plas Group\u00a0Foundation<\/strong><br \/>\nLaan van Verhof 40 \u2013 2231 BZ Rijnsburg<br \/>\nRSIN\/Steuer nr: 852679476<br \/>\nNummer der Handelskammer: 56812639<\/p>\n<\/div><\/div><\/div><div class=\"fusion-layout-column fusion_builder_column fusion-builder-column-11 fusion_builder_column_1_2 1_2 fusion-flex-column bg\" style=\"--awb-bg-image:url(&#039;https:\/\/www.vanderplasgroup.com\/wp-content\/uploads\/Floral-Trade-Group-foundation-verkleind.jpg&#039;);--awb-bg-size:cover;--awb-width-large:50%;--awb-margin-top-large:0px;--awb-spacing-right-large:7.36%;--awb-margin-bottom-large:0px;--awb-spacing-left-large:7.36%;--awb-width-medium:50%;--awb-order-medium:0;--awb-spacing-right-medium:7.36%;--awb-spacing-left-medium:7.36%;--awb-width-small:100%;--awb-order-small:0;--awb-spacing-right-small:3.68%;--awb-spacing-left-small:3.68%;\" data-scroll-devices=\"small-visibility,medium-visibility,large-visibility\"><div class=\"fusion-column-wrapper fusion-column-has-shadow fusion-flex-justify-content-flex-start fusion-content-layout-column fusion-empty-column-bg-image fusion-column-has-bg-image\" data-bg-url=\"https:\/\/www.vanderplasgroup.com\/wp-content\/uploads\/Floral-Trade-Group-foundation-verkleind.jpg\"><img decoding=\"async\" class=\"fusion-empty-dims-img-placeholder fusion-no-large-visibility fusion-no-medium-visibility\" aria-label=\"Van der Plas Group foundation verkleind\" src=\"data:image\/svg+xml,%3Csvg%20xmlns%3D%27http%3A%2F%2Fwww.w3.org%2F2000%2Fsvg%27%20width%3D%272500%27%20height%3D%271667%27%20viewBox%3D%270%200%202500%201667%27%3E%3Crect%20width%3D%272500%27%20height%3D%271667%27%20fill-opacity%3D%220%22%2F%3E%3C%2Fsvg%3E\"><\/div><\/div><\/div><\/div><\/p>\n","protected":false},"excerpt":{"rendered":"","protected":false},"author":9,"featured_media":12460,"parent":0,"menu_order":0,"comment_status":"closed","ping_status":"closed","template":"100-width.php","meta":{"_acf_changed":false,"inline_featured_image":false,"footnotes":""},"class_list":["post-4570","page","type-page","status-publish","has-post-thumbnail","hentry"],"acf":{"titel":"\u00dcber Van der Plas Group","text":"<p>Wachsen und bl\u00fchen k\u00f6nnen wir nicht alleine. Van der Plas Group ist seit 1971 eine Unternehmensfamilie. Jedes Unternehmen hat seine eigene Identit\u00e4t. Gemeinsam setzen wir uns mit unserer breiten Palette an Blumen, Pflanzen und Dekorationsmaterialien f\u00fcr ein nachhaltiges Wachstum ein. Die damit verbundenen Grundwerte wie Engagement, Verbundenheit und Unternehmertum sind hier von wesentlicher Bedeutung.<\/p>\n","_thumbnail_id":"https:\/\/www.vanderplasgroup.com\/wp-content\/uploads\/Website-foto-2-scaled.jpg"},"yoast_head":"<!-- This site is optimized with the Yoast SEO plugin v27.4 - https:\/\/yoast.com\/product\/yoast-seo-wordpress\/ -->\n<title>Van der Plas Group | een familie van sierteeltbedrijven<\/title>\n<meta name=\"description\" content=\"Ieder bedrijf heeft zijn eigen identiteit en gezamenlijk zetten we met ons brede assortiment aan bloemen, planten en decoratie in op groei.\" \/>\n<meta name=\"robots\" content=\"index, follow, max-snippet:-1, max-image-preview:large, max-video-preview:-1\" \/>\n<link rel=\"canonical\" href=\"https:\/\/www.vanderplasgroup.com\/de\/over-vdp\/\" \/>\n<meta property=\"og:locale\" content=\"de_DE\" \/>\n<meta property=\"og:type\" content=\"article\" \/>\n<meta property=\"og:title\" content=\"Van der Plas Group | een familie van sierteeltbedrijven\" \/>\n<meta property=\"og:description\" content=\"Ieder bedrijf heeft zijn eigen identiteit en gezamenlijk zetten we met ons brede assortiment aan bloemen, planten en decoratie in op groei.\" \/>\n<meta property=\"og:url\" content=\"https:\/\/www.vanderplasgroup.com\/de\/over-vdp\/\" \/>\n<meta property=\"og:site_name\" content=\"Van der Plas Group\" \/>\n<meta property=\"article:modified_time\" content=\"2025-03-03T10:27:35+00:00\" \/>\n<meta property=\"og:image\" content=\"https:\/\/www.vanderplasgroup.com\/wp-content\/uploads\/DSC_3523-scaled-e1650955585876-1024x813.jpg\" \/>\n\t<meta property=\"og:image:width\" content=\"1024\" \/>\n\t<meta property=\"og:image:height\" content=\"813\" \/>\n\t<meta property=\"og:image:type\" content=\"image\/jpeg\" \/>\n<meta name=\"twitter:card\" content=\"summary_large_image\" \/>\n<meta name=\"twitter:label1\" content=\"Est. reading time\" \/>\n\t<meta name=\"twitter:data1\" content=\"3 minutes\" \/>\n<script type=\"application\/ld+json\" class=\"yoast-schema-graph\">{\"@context\":\"https:\\\/\\\/schema.org\",\"@graph\":[{\"@type\":\"WebPage\",\"@id\":\"https:\\\/\\\/www.vanderplasgroup.com\\\/de\\\/over-vdp\\\/\",\"url\":\"https:\\\/\\\/www.vanderplasgroup.com\\\/de\\\/over-vdp\\\/\",\"name\":\"Van der Plas Group | een familie van sierteeltbedrijven\",\"isPartOf\":{\"@id\":\"https:\\\/\\\/www.vanderplasgroup.com\\\/de\\\/#website\"},\"primaryImageOfPage\":{\"@id\":\"https:\\\/\\\/www.vanderplasgroup.com\\\/de\\\/over-vdp\\\/#primaryimage\"},\"image\":{\"@id\":\"https:\\\/\\\/www.vanderplasgroup.com\\\/de\\\/over-vdp\\\/#primaryimage\"},\"thumbnailUrl\":\"https:\\\/\\\/www.vanderplasgroup.com\\\/wp-content\\\/uploads\\\/Website-foto-2-scaled.jpg\",\"datePublished\":\"2021-03-24T13:16:50+00:00\",\"dateModified\":\"2025-03-03T10:27:35+00:00\",\"description\":\"Ieder bedrijf heeft zijn eigen identiteit en gezamenlijk zetten we met ons brede assortiment aan bloemen, planten en decoratie in op groei.\",\"breadcrumb\":{\"@id\":\"https:\\\/\\\/www.vanderplasgroup.com\\\/de\\\/over-vdp\\\/#breadcrumb\"},\"inLanguage\":\"de-DE\",\"potentialAction\":[{\"@type\":\"ReadAction\",\"target\":[\"https:\\\/\\\/www.vanderplasgroup.com\\\/de\\\/over-vdp\\\/\"]}]},{\"@type\":\"ImageObject\",\"inLanguage\":\"de-DE\",\"@id\":\"https:\\\/\\\/www.vanderplasgroup.com\\\/de\\\/over-vdp\\\/#primaryimage\",\"url\":\"https:\\\/\\\/www.vanderplasgroup.com\\\/wp-content\\\/uploads\\\/Website-foto-2-scaled.jpg\",\"contentUrl\":\"https:\\\/\\\/www.vanderplasgroup.com\\\/wp-content\\\/uploads\\\/Website-foto-2-scaled.jpg\"},{\"@type\":\"BreadcrumbList\",\"@id\":\"https:\\\/\\\/www.vanderplasgroup.com\\\/de\\\/over-vdp\\\/#breadcrumb\",\"itemListElement\":[{\"@type\":\"ListItem\",\"position\":1,\"name\":\"Home\",\"item\":\"https:\\\/\\\/www.vanderplasgroup.com\\\/de\\\/?lang=de\"},{\"@type\":\"ListItem\",\"position\":2,\"name\":\"\u00dcber VDP Group\"}]},{\"@type\":\"WebSite\",\"@id\":\"https:\\\/\\\/www.vanderplasgroup.com\\\/de\\\/#website\",\"url\":\"https:\\\/\\\/www.vanderplasgroup.com\\\/de\\\/\",\"name\":\"Van der Plas Group\",\"description\":\"\",\"potentialAction\":[{\"@type\":\"SearchAction\",\"target\":{\"@type\":\"EntryPoint\",\"urlTemplate\":\"https:\\\/\\\/www.vanderplasgroup.com\\\/de\\\/?s={search_term_string}\"},\"query-input\":{\"@type\":\"PropertyValueSpecification\",\"valueRequired\":true,\"valueName\":\"search_term_string\"}}],\"inLanguage\":\"de-DE\"}]}<\/script>\n<!-- \/ Yoast SEO plugin. -->","yoast_head_json":{"title":"Van der Plas Group | een familie van sierteeltbedrijven","description":"Ieder bedrijf heeft zijn eigen identiteit en gezamenlijk zetten we met ons brede assortiment aan bloemen, planten en decoratie in op groei.","robots":{"index":"index","follow":"follow","max-snippet":"max-snippet:-1","max-image-preview":"max-image-preview:large","max-video-preview":"max-video-preview:-1"},"canonical":"https:\/\/www.vanderplasgroup.com\/de\/over-vdp\/","og_locale":"de_DE","og_type":"article","og_title":"Van der Plas Group | een familie van sierteeltbedrijven","og_description":"Ieder bedrijf heeft zijn eigen identiteit en gezamenlijk zetten we met ons brede assortiment aan bloemen, planten en decoratie in op groei.","og_url":"https:\/\/www.vanderplasgroup.com\/de\/over-vdp\/","og_site_name":"Van der Plas Group","article_modified_time":"2025-03-03T10:27:35+00:00","og_image":[{"width":1024,"height":813,"url":"https:\/\/www.vanderplasgroup.com\/wp-content\/uploads\/DSC_3523-scaled-e1650955585876-1024x813.jpg","type":"image\/jpeg"}],"twitter_card":"summary_large_image","twitter_misc":{"Est. reading time":"3 minutes"},"schema":{"@context":"https:\/\/schema.org","@graph":[{"@type":"WebPage","@id":"https:\/\/www.vanderplasgroup.com\/de\/over-vdp\/","url":"https:\/\/www.vanderplasgroup.com\/de\/over-vdp\/","name":"Van der Plas Group | een familie van sierteeltbedrijven","isPartOf":{"@id":"https:\/\/www.vanderplasgroup.com\/de\/#website"},"primaryImageOfPage":{"@id":"https:\/\/www.vanderplasgroup.com\/de\/over-vdp\/#primaryimage"},"image":{"@id":"https:\/\/www.vanderplasgroup.com\/de\/over-vdp\/#primaryimage"},"thumbnailUrl":"https:\/\/www.vanderplasgroup.com\/wp-content\/uploads\/Website-foto-2-scaled.jpg","datePublished":"2021-03-24T13:16:50+00:00","dateModified":"2025-03-03T10:27:35+00:00","description":"Ieder bedrijf heeft zijn eigen identiteit en gezamenlijk zetten we met ons brede assortiment aan bloemen, planten en decoratie in op groei.","breadcrumb":{"@id":"https:\/\/www.vanderplasgroup.com\/de\/over-vdp\/#breadcrumb"},"inLanguage":"de-DE","potentialAction":[{"@type":"ReadAction","target":["https:\/\/www.vanderplasgroup.com\/de\/over-vdp\/"]}]},{"@type":"ImageObject","inLanguage":"de-DE","@id":"https:\/\/www.vanderplasgroup.com\/de\/over-vdp\/#primaryimage","url":"https:\/\/www.vanderplasgroup.com\/wp-content\/uploads\/Website-foto-2-scaled.jpg","contentUrl":"https:\/\/www.vanderplasgroup.com\/wp-content\/uploads\/Website-foto-2-scaled.jpg"},{"@type":"BreadcrumbList","@id":"https:\/\/www.vanderplasgroup.com\/de\/over-vdp\/#breadcrumb","itemListElement":[{"@type":"ListItem","position":1,"name":"Home","item":"https:\/\/www.vanderplasgroup.com\/de\/?lang=de"},{"@type":"ListItem","position":2,"name":"\u00dcber VDP Group"}]},{"@type":"WebSite","@id":"https:\/\/www.vanderplasgroup.com\/de\/#website","url":"https:\/\/www.vanderplasgroup.com\/de\/","name":"Van der Plas Group","description":"","potentialAction":[{"@type":"SearchAction","target":{"@type":"EntryPoint","urlTemplate":"https:\/\/www.vanderplasgroup.com\/de\/?s={search_term_string}"},"query-input":{"@type":"PropertyValueSpecification","valueRequired":true,"valueName":"search_term_string"}}],"inLanguage":"de-DE"}]}},"_links":{"self":[{"href":"https:\/\/www.vanderplasgroup.com\/de\/wp-json\/wp\/v2\/pages\/4570","targetHints":{"allow":["GET"]}}],"collection":[{"href":"https:\/\/www.vanderplasgroup.com\/de\/wp-json\/wp\/v2\/pages"}],"about":[{"href":"https:\/\/www.vanderplasgroup.com\/de\/wp-json\/wp\/v2\/types\/page"}],"author":[{"embeddable":true,"href":"https:\/\/www.vanderplasgroup.com\/de\/wp-json\/wp\/v2\/users\/9"}],"replies":[{"embeddable":true,"href":"https:\/\/www.vanderplasgroup.com\/de\/wp-json\/wp\/v2\/comments?post=4570"}],"version-history":[{"count":0,"href":"https:\/\/www.vanderplasgroup.com\/de\/wp-json\/wp\/v2\/pages\/4570\/revisions"}],"wp:featuredmedia":[{"embeddable":true,"href":"https:\/\/www.vanderplasgroup.com\/de\/wp-json\/wp\/v2\/media\/12460"}],"wp:attachment":[{"href":"https:\/\/www.vanderplasgroup.com\/de\/wp-json\/wp\/v2\/media?parent=4570"}],"curies":[{"name":"wp","href":"https:\/\/api.w.org\/{rel}","templated":true}]}}